{"id":477,"date":"2024-03-12T23:39:25","date_gmt":"2024-03-12T21:39:25","guid":{"rendered":"http:\/\/beta.spielhaus.fi\/?page_id=477"},"modified":"2026-01-27T20:16:46","modified_gmt":"2026-01-27T18:16:46","slug":"yhteystiedot","status":"publish","type":"page","link":"https:\/\/spielhaus.fi\/etusivu\/etusivu\/yhteystiedot\/","title":{"rendered":"Yhteystiedot"},"content":{"rendered":"\n    \n    <section class=\"u-clearfix u-palette-3-light-2 u-section-2\" id=\"sec-7673\">\n      <div class=\"u-clearfix u-sheet u-valign-middle u-sheet-1\">\n        <div class=\"data-layout-selected u-clearfix u-expanded-width u-gutter-0 u-layout-wrap u-layout-wrap-1\">\n          <div class=\"u-layout\" style=\"\">\n            <div class=\"u-layout-row\" style=\"\">\n              <div class=\"u-align-left u-container-align-left u-container-align-left-lg u-container-align-left-xl u-container-style u-image u-layout-cell u-left-cell u-shading u-size-30 u-size-xs-60 u-image-1\" src=\"\" data-image-width=\"150\" data-image-height=\"105\" style=\"background-image: linear-gradient(0deg, rgba(0, 0, 0, 0.05), rgba(0, 0, 0, 0.05)), url(&quot;https:\/\/spielhaus.fi\/wp-content\/uploads\/2022\/09\/f712af57426419a41a015c640fbfa879dda5c333ea7e5ebfab2cc249a2ac4ee08c4867f659c76929e78865ddc598bb420197af155cdbe99c98b7cc_1280-1.jpg&quot;);\">\n                <div class=\"u-container-layout u-container-layout-1\" src=\"\">\n                  <h1 class=\"u-custom-font u-font-oswald u-text u-text-body-color u-text-1\"><b><span style=\"font-weight: 400;\">P\u00e4iv\u00e4kodin johto<\/span><\/b>\n                  <\/h1>\n                  <p class=\"u-custom-font u-heading-font u-text u-text-body-color u-text-2\">Teea Huttunen<br>Puh.&nbsp;+040 748 9177&nbsp;(toimisto)<br>S\u00e4hk\u00f6posti:&nbsp;kita@spielhaus.fi \n                  <\/p>\n                <\/div>\n              <\/div>\n              <div class=\"u-align-left u-container-align-left u-container-style u-layout-cell u-right-cell u-shape-rectangle u-size-30 u-size-xs-60 u-layout-cell-2\">\n                <div class=\"u-container-layout u-container-layout-2\">\n                  <h1 class=\"u-custom-font u-font-oswald u-text u-text-default u-text-3\"><b><span style=\"font-weight: 400;\">Yhdistyksen hallitus<\/span><\/b>\n                  <\/h1>\n                  <p class=\"u-custom-font u-heading-font u-text u-text-4\"> S\u00e4hk\u00f6posti: board@spielhaus.fi<br>Ilari M\u00e4\u00e4tt\u00e4 (puheenjohtaja)<br> Carolin Franke (varapuheenjohtaja)<br> Marco Pribilla<br>Vera M\u00e4\u00e4tt\u00e4<br>Sascha Habel<br>Carolin St\u00fcrenberg<br>Sonja Gottschalk\n                  <\/p>\n                <\/div>\n              <\/div>\n            <\/div>\n          <\/div>\n        <\/div>\n      <\/div>\n    <\/section>\n    <section class=\"u-align-center u-clearfix u-container-align-center u-palette-1-dark-1 u-section-3\" id=\"sec-ee51\">\n      <div class=\"u-clearfix u-sheet u-valign-bottom u-sheet-1\">\n        <h1 class=\"u-align-left u-custom-font u-font-oswald u-text u-text-default u-text-1\">Ryhm\u00e4t<\/h1>\n        <div class=\"u-expanded-width u-list u-list-1\">\n          <div class=\"u-repeater u-repeater-1\">\n            <div class=\"u-align-center u-container-align-center u-container-style u-list-item u-repeater-item\">\n              <div class=\"u-container-layout u-similar-container u-container-layout-1\">\n                <img decoding=\"async\" alt=\"\" class=\"u-expanded-width u-image u-image-default u-image-1\" data-image-width=\"1024\" data-image-height=\"1024\" src=\"https:\/\/spielhaus.fi\/wp-content\/uploads\/2024\/03\/stars.png\">\n                <h5 class=\"u-text u-text-2\">Sterne&nbsp;<\/h5>\n                <p class=\"u-text u-text-3\">Puh. 040 851 7049<\/p>\n              <\/div>\n            <\/div>\n            <div class=\"u-align-center u-container-align-center u-container-style u-list-item u-repeater-item\">\n              <div class=\"u-container-layout u-similar-container u-container-layout-2\">\n                <img decoding=\"async\" alt=\"\" class=\"u-expanded-width u-image u-image-default u-image-2\" data-image-width=\"1024\" data-image-height=\"1024\" src=\"https:\/\/spielhaus.fi\/wp-content\/uploads\/2024\/03\/northern_lights.png\">\n                <h5 class=\"u-text u-text-4\">Nordlichter<\/h5>\n                <p class=\"u-text u-text-5\"> Puh. 040 851 7052<\/p>\n              <\/div>\n            <\/div>\n            <div class=\"u-align-center u-container-align-center u-container-style u-list-item u-repeater-item\">\n              <div class=\"u-container-layout u-similar-container u-container-layout-3\">\n                <img decoding=\"async\" alt=\"\" class=\"u-expanded-width u-image u-image-default u-image-3\" data-image-width=\"1024\" data-image-height=\"1024\" src=\"https:\/\/spielhaus.fi\/wp-content\/uploads\/2024\/03\/rainbow.png\">\n                <h5 class=\"u-text u-text-6\">Regenbogen<\/h5>\n                <p class=\"u-text u-text-7\"> Puh. 040 851 7051<\/p>\n              <\/div>\n            <\/div>\n          <\/div>\n        <\/div>\n      <\/div>\n    <\/section>\n    <section class=\"u-clearfix u-palette-3-light-2 u-section-4\" id=\"sec-fac6\">\n      <div class=\"u-clearfix u-sheet u-sheet-1\">\n        <div class=\"u-clearfix u-expanded-width u-layout-wrap u-layout-wrap-1\">\n          <div class=\"u-layout\">\n            <div class=\"u-layout-row\">\n              <div class=\"u-align-left u-container-align-left u-container-style u-layout-cell u-left-cell u-size-23 u-layout-cell-1\">\n                <div class=\"u-container-layout u-container-layout-1\">\n                  <h1 class=\"u-custom-font u-font-oswald u-text u-text-1\">Osoite<\/h1>\n                  <p class=\"u-text u-text-2\">Spielhaus Kerava<br>Nyyrikinkuja 10<br>04200 Kerava&nbsp;<br>\n                  <\/p>\n                <\/div>\n              <\/div>\n              <div class=\"u-container-style u-layout-cell u-right-cell u-size-37 u-layout-cell-2\">\n                <div class=\"u-container-layout u-container-layout-2\">\n                  <div class=\"u-expanded u-grey-10 u-map\">\n                    <div class=\"embed-responsive\">\n                      <iframe class=\"embed-responsive-item\" src=\"\/\/maps.google.com\/maps?output=embed&amp;key=nyyrikinkuja 10, kerava&amp;q=Nyyrikinkuja%2010%0A04200%20Kerava%C2%A0&amp;z=15&amp;t=m\" data-map=\"JTdCJTIycG9zaXRpb25UeXBlJTIyJTNBJTIybWFwLWFkZHJlc3MlMjIlMkMlMjJhZGRyZXNzJTIyJTNBJTIyTnl5cmlraW5rdWphJTIwMTAlNUNuMDQyMDAlMjBLZXJhdmElQzIlQTAlMjIlMkMlMjJ6b29tJTIyJTNBMTUlMkMlMjJ0eXBlSWQlMjIlM0ElMjJyb2FkJTIyJTJDJTIybGFuZyUyMiUzQW51bGwlMkMlMjJhcGlLZXklMjIlM0ElMjJueXlyaWtpbmt1amElMjAxMCUyQyUyMGtlcmF2YSUyMiUyQyUyMm1hcmtlcnMlMjIlM0ElNUIlNUQlMkMlMjJlbWJlZCUyMiUzQSUyMiUyMiU3RA==\"><\/iframe>\n                    <\/div>\n                  <\/div>\n                <\/div>\n              <\/div>\n            <\/div>\n          <\/div>\n        <\/div>\n      <\/div>\n    <\/section>\n    \n    \n    \n    \n  \n","protected":false},"excerpt":{"rendered":"<p>P\u00e4iv\u00e4kodin johto Teea HuttunenPuh.&nbsp;+040 748 9177&nbsp;(toimisto)S\u00e4hk\u00f6posti:&nbsp;kita@spielhaus.fi Yhdistyksen hallitus S\u00e4hk\u00f6posti: board@spielhaus.fiIlari M\u00e4\u00e4tt\u00e4 (puheenjohtaja) Carolin Franke (varapuheenjohtaja) Marco PribillaVera M\u00e4\u00e4tt\u00e4Sascha HabelCarolin St\u00fcrenbergSonja Gottschalk Ryhm\u00e4t Sterne&nbsp; Puh. 040 851 7049 Nordlichter Puh. 040 851 7052 Regenbogen Puh. 040 851 7051 Osoite Spielhaus KeravaNyyrikinkuja 1004200 Kerava&nbsp;<\/p>\n","protected":false},"author":2,"featured_media":0,"parent":407,"menu_order":2,"comment_status":"closed","ping_status":"closed","template":"","meta":{"footnotes":""},"class_list":["post-477","page","type-page","status-publish","hentry"],"_links":{"self":[{"href":"https:\/\/spielhaus.fi\/etusivu\/wp-json\/wp\/v2\/pages\/477","targetHints":{"allow":["GET"]}}],"collection":[{"href":"https:\/\/spielhaus.fi\/etusivu\/wp-json\/wp\/v2\/pages"}],"about":[{"href":"https:\/\/spielhaus.fi\/etusivu\/wp-json\/wp\/v2\/types\/page"}],"author":[{"embeddable":true,"href":"https:\/\/spielhaus.fi\/etusivu\/wp-json\/wp\/v2\/users\/2"}],"replies":[{"embeddable":true,"href":"https:\/\/spielhaus.fi\/etusivu\/wp-json\/wp\/v2\/comments?post=477"}],"version-history":[{"count":19,"href":"https:\/\/spielhaus.fi\/etusivu\/wp-json\/wp\/v2\/pages\/477\/revisions"}],"predecessor-version":[{"id":1000,"href":"https:\/\/spielhaus.fi\/etusivu\/wp-json\/wp\/v2\/pages\/477\/revisions\/1000"}],"up":[{"embeddable":true,"href":"https:\/\/spielhaus.fi\/etusivu\/wp-json\/wp\/v2\/pages\/407"}],"wp:attachment":[{"href":"https:\/\/spielhaus.fi\/etusivu\/wp-json\/wp\/v2\/media?parent=477"}],"curies":[{"name":"wp","href":"https:\/\/api.w.org\/{rel}","templated":true}]}}