{"id":136,"date":"2022-09-25T14:40:46","date_gmt":"2022-09-25T11:40:46","guid":{"rendered":"http:\/\/beta.spielhaus.fi\/de_DE\/startseite\/"},"modified":"2026-03-27T19:05:32","modified_gmt":"2026-03-27T17:05:32","slug":"startseite","status":"publish","type":"page","link":"https:\/\/spielhaus.fi\/etusivu\/startseite\/","title":{"rendered":"Startseite"},"content":{"rendered":"\n    \n    <section class=\"skrollable u-clearfix u-image u-parallax u-shading u-section-2\" id=\"carousel_edec\" data-image-width=\"2048\" data-image-height=\"2048\" style=\"background-image: linear-gradient(0deg, rgba(254, 249, 230, 0.2), rgba(254, 249, 230, 0.2)), url(&quot;https:\/\/spielhaus.fi\/wp-content\/uploads\/2024\/03\/small_house_bild_with_wooden_toy_blocks.jpg&quot;);\">\n      <div class=\"u-clearfix u-sheet u-valign-middle-lg u-valign-middle-md u-valign-middle-sm u-sheet-1\">\n        <div class=\"u-container-style u-expanded-width-sm u-expanded-width-xs u-group u-group-1\">\n          <div class=\"u-container-layout u-valign-middle-sm u-container-layout-1\">\n            <h1 class=\"u-custom-font u-font-oswald u-text u-title u-text-1\">SPIELHAUS&nbsp;<br>KERAVA \n            <\/h1>\n            <h4 class=\"u-text u-text-2\">Deutscher kindergarten<\/h4>\n          <\/div>\n        <\/div>\n      <\/div>\n    <\/section>\n    <section class=\"u-clearfix u-palette-3-light-1 u-section-3\" id=\"carousel_f8ca\">\n      <div class=\"u-clearfix u-sheet u-sheet-1\">\n        <div class=\"data-layout-selected u-clearfix u-expanded-width u-layout-wrap u-layout-wrap-1\">\n          <div class=\"u-layout\">\n            <div class=\"u-layout-row\">\n              <div class=\"u-container-style u-image u-image-default u-layout-cell u-left-cell u-shading u-size-30 u-image-1\" data-image-width=\"1710\" data-image-height=\"2560\" style=\"background-image: linear-gradient(0deg, rgba(254, 249, 230, 0.3), rgba(254, 249, 230, 0.3)), url(&quot;https:\/\/spielhaus.fi\/wp-content\/uploads\/2023\/03\/DSC07818-1368x2048.jpg&quot;);\">\n                <div class=\"u-container-layout\"><\/div>\n              <\/div>\n              <div class=\"u-container-style u-layout-cell u-palette-3-light-2 u-right-cell u-size-30 u-layout-cell-2\">\n                <div class=\"u-container-layout u-valign-middle-md u-container-layout-2\">\n                  <h2 class=\"u-custom-font u-font-oswald u-text u-text-1\">Unser Kindergarten<\/h2>\n                  <p class=\"u-text u-text-2\"> Das Spielhaus ist\nein gem\u00fctlicher, privater Kindergarten in Kerava mit ausgezeichneter\nVerkehrsanbindung nach Helsinki. <br>\n                    <br>Egal ob ihr Kind\nbereits Deutsch spricht oder nicht, alle Kinder sind herzlich willkommen bei\nuns. Unser p\u00e4dagogisches Konzept konzentriert sich vielseitig auf das Erlernen\nder deutschen Sprache und Kultur, das Wichtigste f\u00fcr uns ist jedoch, dass sich\njedes Kind willkommen und zu Hause f\u00fchlt. <br>Unsere p\u00e4dagogischen Fachkr\u00e4fte\nsprechen neben Deutsch auch Englisch oder Finnisch. Wir stehen eng in\nVerbindung mit der Fr\u00fcherziehungstrategie der Stadt Kerava.<br>\n                    <br> Das Spielhaus wird von dem Verein Keravan saksalainen p\u00e4iv\u00e4koti ry betrieben.\nDie\nMitglieder des Vereins sind haupts\u00e4chlich Eltern und Verwandte von Kindern, die\nunseren Kindergarten besuchen. Ein Teil unserer Finanzierung basiert auf\ngemeinschaftlicher Fundraising-Aktivit\u00e4ten, die wir regelm\u00e4<b><span style=\"font-weight: 400;\">\u1e9eig<\/span><\/b> im Verein durchf\u00fchren. <br>\n                    <br> Wenn Sie Fragen\nhaben oder unseren Kindergarten besichtigen m\u00f6chten, nehmen Sie gern Kontakt\nmit uns auf: <br>E-mail: kita@spielhaus.fi Tel. +358 (0)40 748 9177 \n                  <\/p>\n                  <a href=\"https:\/\/spielhaus.fi\/etusivu\/startseite\/spielhaus\/\" class=\"u-btn u-button-style u-palette-1-base u-btn-1\">Mehr Infos<\/a>\n                <\/div>\n              <\/div>\n            <\/div>\n          <\/div>\n        <\/div>\n      <\/div>\n    <\/section>\n    <section class=\"u-clearfix u-palette-1-dark-1 u-section-4\" id=\"sec-5165\">\n      <div class=\"u-clearfix u-sheet u-sheet-1\">\n        <h1 class=\"u-text u-text-default-lg u-text-default-md u-text-default-xl u-text-1\">Neuigkeiten<\/h1>\n        <div class=\"u-blog u-blog-1 u-hidden-visibility\"  data-site-sorting-prop=\"created\" data-site-sorting-order=\"desc\">\n          <div class=\"u-list-control\"><\/div>\n          <div class=\"u-repeater u-repeater-1\">\n            <div class=\"u-blog-post u-container-style u-repeater-item\">\n              <div class=\"u-container-layout u-similar-container u-container-layout-1\">\n                <h2 class=\"u-blog-control u-text u-text-2\">\n                  <a class=\"u-post-header-link\" href=\"https:\/\/spielhaus.fi\/etusivu\/leseempfehlungen\/\">Buchtipps von uns \ud83d\udcda<\/a>\n                <\/h2>\n                <div class=\"u-blog-control u-custom-font u-font-oswald u-post-content u-text u-text-3\"><p>\nDiese Woche wird in Finnland die nationale Lesewoche gefeiert. Zu diesem Anlass teilen unsere Kinder ihre Buchtipps mit euch. Wusstet ihr \u00fcbrigens,&hellip;<\/p>\n                <\/div><a class=\"u-blog-control u-expanded-width u-image u-image-default u-image-1\" href=\"https:\/\/spielhaus.fi\/etusivu\/leseempfehlungen\/\">\n                <img decoding=\"async\" class=\"u-blog-control u-expanded-width u-image u-image-default u-image-1\" src=\"https:\/\/spielhaus.fi\/wp-content\/uploads\/2025\/02\/WhatsApp-Image-2026-04-19-at-17.28.38-968x1024.jpeg\" alt=\"\" data-image-width=\"2000\" data-image-height=\"1333\"><\/a>\n              <\/div>\n            <\/div>\n            <div class=\"u-blog-post u-container-style u-repeater-item\">\n              <div class=\"u-container-layout u-similar-container u-container-layout-2\">\n                <h2 class=\"u-blog-control u-text u-text-4\">\n                  <a class=\"u-post-header-link\" href=\"https:\/\/spielhaus.fi\/etusivu\/lukuviikko\/\">Vietet\u00e4\u00e4n lukuviikoa \ud83d\udcda<\/a>\n                <\/h2>\n                <div class=\"u-blog-control u-custom-font u-font-oswald u-post-content u-text u-text-5\"><p>\nWas lest ihr gerade? T\u00e4ll\u00e4 viikolla vietet\u00e4\u00e4n valtakunnallinen lukuviikkoa! Sen kunniaksi jaamme muutamia kirjavinkkej\u00e4 suoraan lapsilta. Tiesith\u00e4n&hellip;<\/p>\n                <\/div><a class=\"u-blog-control u-expanded-width u-image u-image-default u-image-2\" href=\"https:\/\/spielhaus.fi\/etusivu\/lukuviikko\/\">\n                <img decoding=\"async\" class=\"u-blog-control u-expanded-width u-image u-image-default u-image-2\" src=\"https:\/\/spielhaus.fi\/wp-content\/uploads\/2025\/02\/WhatsApp-Image-2026-04-19-at-17.28.38.jpeg\" alt=\"\" data-image-width=\"2000\" data-image-height=\"1333\"><\/a>\n              <\/div>\n            <\/div>\n            <div class=\"u-blog-post u-container-style u-repeater-item\">\n              <div class=\"u-container-layout u-similar-container u-container-layout-1\">\n                <h2 class=\"u-blog-control u-text u-text-2\">\n                  <a class=\"u-post-header-link\" href=\"https:\/\/spielhaus.fi\/etusivu\/vierailu-heurekassa\/\">Vierailu Heurekassa<\/a>\n                <\/h2>\n                <div class=\"u-blog-control u-custom-font u-font-oswald u-post-content u-text u-text-3\"><p>\nSpielhausin eskarit ja viskarit vierailivat t\u00e4n\u00e4\u00e4n Heurekassa, jossa oivallukset syntyv\u00e4t luovuuden ja kokeilun kautta.\n\n\n\n\n\n\n\n\n\n\n\n\n\n\n\n\n\n\n<\/p>\n                <\/div><a class=\"u-blog-control u-expanded-width u-image u-image-default u-image-1\" href=\"https:\/\/spielhaus.fi\/etusivu\/vierailu-heurekassa\/\">\n                <img decoding=\"async\" class=\"u-blog-control u-expanded-width u-image u-image-default u-image-1\" src=\"https:\/\/spielhaus.fi\/wp-content\/uploads\/2026\/01\/WhatsApp-Image-2026-02-11-at-13.17.422-768x1024.jpeg\" alt=\"\" data-image-width=\"2000\" data-image-height=\"1333\"><\/a>\n              <\/div>\n            <\/div>\n            <div class=\"u-blog-post u-container-style u-repeater-item\">\n              <div class=\"u-container-layout u-similar-container u-container-layout-2\">\n                <h2 class=\"u-blog-control u-text u-text-4\">\n                  <a class=\"u-post-header-link\" href=\"https:\/\/spielhaus.fi\/etusivu\/besuch-im-heureka\/\">Besuch im Heureka<\/a>\n                <\/h2>\n                <div class=\"u-blog-control u-custom-font u-font-oswald u-post-content u-text u-text-5\"><p>\nDie Vorsch\u00fcler und kleinen Vorsch\u00fcler des Spielhaus haben heute das Wissenschaftsmuseum Heureka besucht, wo Erkenntnisse durch Kreativit\u00e4t und &hellip;<\/p>\n                <\/div><a class=\"u-blog-control u-expanded-width u-image u-image-default u-image-2\" href=\"https:\/\/spielhaus.fi\/etusivu\/besuch-im-heureka\/\">\n                <img decoding=\"async\" class=\"u-blog-control u-expanded-width u-image u-image-default u-image-2\" src=\"https:\/\/spielhaus.fi\/wp-content\/uploads\/2026\/01\/WhatsApp-Image-2026-02-11-at-13.17.422-768x1024.jpeg\" alt=\"\" data-image-width=\"2000\" data-image-height=\"1333\"><\/a>\n              <\/div>\n            <\/div>\n          <\/div>\n          <div class=\"u-list-control\"><\/div>\n        <\/div>\n      <\/div>\n    <\/section>\n    <section class=\"u-clearfix u-section-5\" id=\"block-8\">\n      <div class=\"u-clearfix u-sheet u-valign-middle-xl u-sheet-1\">\n        <div class=\"custom-expanded data-layout-selected u-clearfix u-layout-wrap u-layout-wrap-1\">\n          <div class=\"u-layout\" style=\"\">\n            <div class=\"u-layout-row\" style=\"\">\n              <div class=\"u-align-center u-container-align-center u-container-style u-gradient u-image u-layout-cell u-size-28 u-image-1\" style=\"background-image: radial-gradient(circle, rgba(173, 204, 233, 0.6) 0%, rgba(241, 181, 184, 0.6) 100%), url(&quot;https:\/\/spielhaus.fi\/wp-content\/uploads\/2024\/03\/yellow_handprint.png&quot;);\">\n                <div class=\"u-container-layout u-container-layout-1\">\n                  <h1 class=\"u-align-center u-text u-text-white u-title u-text-1\">\n                    <br>3 Gr\u00fcnde f\u00fcr das Spielhaus\n                  <\/h1>\n                <\/div>\n              <\/div>\n              <div class=\"u-container-style u-layout-cell u-shape-rectangle u-size-32 u-layout-cell-2\" data-image-width=\"1024\" data-image-height=\"1024\">\n                <div class=\"u-container-layout u-valign-top-xl u-container-layout-2\">\n                  <p class=\"u-text u-text-2\"><span style=\"font-weight: 700;\"> Kleiner, famili\u00e4rer Kindergarten<\/span>\n                    <br>Wir sind ein kleiner Kindergarten, in dem die Eltern und das Personal gemeinsam eine sichere Umgebung f\u00fcr \nunsere Kinder schaffen. <br>\n                    <br><span style=\"font-weight: 700;\">Deutsch als Teil des Alltags<\/span>\n                    <br>Die Betreuung findet auf Deutsch statt, jedoch sind keine Vorkenntnisse erforderlich. Die \nSprache wird auf nat\u00fcrliche Weise durch Lieder, B\u00fccher und spielerische Aktivit\u00e4ten erlernt.&nbsp; <br>\n                    <br><span style=\"font-weight: 700;\">Mehr Betreuungspersonal pro Kind<\/span>\n                    <br>Jedes Kind erh\u00e4lt die Aufmerksamkeit, die es braucht, denn unser Team besteht aus qualifizierten und \nengagierten Fachkr\u00e4ften. Zus\u00e4tzlich unterst\u00fctzen uns freiwillige Helfer vom Roten Deutschen Kreuz in jeder \nGruppe. \n                  <\/p>\n                <\/div>\n              <\/div>\n            <\/div>\n          <\/div>\n        <\/div>\n      <\/div>\n    <\/section>\n    <section class=\"u-clearfix u-palette-2-dark-1 u-section-6\" id=\"carousel_a692\">\n      <div class=\"u-clearfix u-sheet u-sheet-1\">\n        <div class=\"data-layout-selected u-clearfix u-expanded-width-sm u-expanded-width-xs u-gutter-18 u-layout-wrap u-layout-wrap-1\">\n          <div class=\"u-layout\">\n            <div class=\"u-layout-col\">\n              <div class=\"u-size-30\">\n                <div class=\"u-layout-row\">\n                  <div class=\"u-container-style u-layout-cell u-left-cell u-right-cell u-size-60 u-layout-cell-1\">\n                    <div class=\"u-container-layout u-container-layout-1\">\n                      <h2 class=\"u-custom-font u-font-oswald u-text u-text-1\">Anmeldung<\/h2>\n                    <\/div>\n                  <\/div>\n                <\/div>\n              <\/div>\n              <div class=\"u-size-30\">\n                <div class=\"u-layout-row\">\n                  <div class=\"u-container-style u-layout-cell u-left-cell u-size-30 u-layout-cell-2\">\n                    <div class=\"u-container-layout\">\n                      <p class=\"u-text u-text-2\"> Die Anmeldung im\nSpielhaus ist zu jederzeit m\u00f6glich. Wir empfehlen Ihnen jedoch den\nBetreuungsplatz rechtzeitig zu beantragen. <br>Wenn Sie Interesse\nan einem Betreuungsplatz haben, kontaktieren Sie uns bitte per E-Mail oder\nTelefon. Gerne informieren wir Sie \u00fcber die aktuelle Situation in den\nverschiedenen Gruppen des Spielhauses. Wir freuen uns auf Ihre Kontaktaufnahme. <br>E-Mail: <a href=\"mailto:kita@spielhaus.fi\" class=\"u-active-none u-border-none u-btn u-button-link u-button-style u-hover-none u-none u-text-palette-3-light-2 u-btn-1\">kita@spielhaus.fi<\/a> Tel.: +358 (0)40&nbsp;748\n9177<br>\n                        <br>\n                      <\/p>\n                      <h5 class=\"u-align-left u-text u-text-3\"> Wichtige\nInformationen f\u00fcr die Anmeldung Ihres Kindes im Spielhaus <\/h5>\n                      <ul class=\"u-text u-text-4\">\n                        <li> Ihr Kind sollte bei Beginn der Betreuung mindestens 9 Monate alt\nsein<\/li>\n                        <li>Gerne k\u00f6nnen Sie einen Termin mit uns vereinbaren, damit Ihre Familie\ndas Spielhaus im Voraus kennenlernen kann<\/li>\n                        <li>Es gibt keine Sprachanforderungen<\/li>\n                        <li>Wenn bereits Geschwisterkinder im Spielhaus betreut werden, erhalten\nj\u00fcngere Geschwister Vorrang auf der Warteliste f\u00fcr Betreuungspl\u00e4tze<\/li>\n                      <\/ul>\n                    <\/div>\n                  <\/div>\n                  <div class=\"u-container-style u-layout-cell u-right-cell u-size-30 u-layout-cell-3\">\n                    <div class=\"u-container-layout\">\n                      <h5 class=\"u-text u-text-5\">Preisinformation<\/h5>\n                      <p class=\"u-text u-text-6\"> Wir akzeptieren das kommunale Gutscheinsystem 'palveluseteli' , dessen Selbstbeteiligung auf Grundlage des Familieneinkommens, des Alters des Kindes, der Familiengr\u00f6\u00dfe und der vereinbarten Betreuungszeit festgelegt wird. Die Selbstbeteiligung betr\u00e4gt zwischen 0 und 311 Euro pro Monat.&nbsp;<br>Zus\u00e4tzlich erhebt das Spielhaus eine Spezialisierungsgeb\u00fchr von 40 Euro.<br>\n                        <br>Weitere Informationen zum Gutscheinsystem f\u00fcr die private Kinderbetreuung finden Sie auf der <a href=\"https:\/\/www.kerava.fi\/en\/childhood-and-education\/early-childhood-education-and-care\/private-early-childhood-education-and-care\/service-voucher\/\" class=\"u-active-none u-border-none u-btn u-button-link u-button-style u-hover-none u-none u-text-palette-3-light-2 u-btn-2\">Website der Stadt Kerava<\/a>.&nbsp;<br>\n                        <br>Wenn Sie aus einer Gemeinde kommen, in der der Gutschein nicht angeboten wird, oder bei anderen Fragen, wenden Sie sich bitte an die Kita-Leitung.\n                      <\/p>\n                    <\/div>\n                  <\/div>\n                <\/div>\n              <\/div>\n            <\/div>\n          <\/div>\n        <\/div>\n        <h5 class=\"u-text u-text-7\">\n          <a class=\"u-active-none u-border-none u-btn u-button-link u-button-style u-file-link u-hover-none u-none u-text-palette-3-light-2 u-btn-3\" href=\"https:\/\/spielhaus.fi\/wp-content\/uploads\/2025\/04\/Hakemus-Spielhaus-Antrag-form-v2.pdf\"> Anmeldungsantrag findet Ihr hier.<\/a>\n        <\/h5>\n      <\/div>\n    <\/section>\n    <section class=\"u-align-center u-clearfix u-container-align-center u-palette-1-dark-1 u-section-7\" id=\"block-7\">\n      <div class=\"u-clearfix u-sheet u-valign-middle-lg u-valign-middle-md u-valign-middle-sm u-valign-middle-xl u-sheet-1\">\n        <h1 class=\"u-align-center u-text u-text-default u-text-1\"> Stellenanzeigen<\/h1>\n        <p class=\"u-align-center u-large-text u-text u-text-variant u-text-2\"> Zur Verst\u00e4rkung unseres Teams suchen wir zuverl\u00e4ssige Aushilfskr\u00e4fte f\u00fcr Vertretungseins\u00e4tze. Bei Interesse, gerne per E-Mail an&nbsp;<a href=\"mailto:kita@spielhaus.fi\" class=\"u-active-none u-border-none u-btn u-button-link u-button-style u-hover-none u-none u-text-palette-3-light-2 u-btn-1\">kita@spielhaus.fi<\/a>&nbsp;melden\n        <\/p>\n        <h1 class=\"u-align-center u-text u-text-default-lg u-text-default-md u-text-default-sm u-text-default-xl u-text-3\"> FSJ-Pl\u00e4tze<\/h1>\n        <p class=\"u-align-center u-large-text u-text u-text-variant u-text-4\"> Bitte nehmt zur Kenntnis, dass das DRK allein f\u00fcr das Auswahlverfahren und die Verteilung der FSJ-Pl\u00e4tze zust\u00e4ndig ist. Direkte Bewerbungen an uns k\u00f6nnen weder angenommen noch bearbeitet werden. Bewerbt euch daher bitte direkt beim&nbsp;<a href=\"https:\/\/www.freiwilligendienste-freiwerk-drk.de\" class=\"u-active-none u-border-none u-btn u-button-link u-button-style u-hover-none u-none u-text-palette-3-light-2 u-btn-2\">DRK<\/a>.\n        <\/p>\n      <\/div>\n    <\/section>\n    \n    \n    \n    \n  \n","protected":false},"excerpt":{"rendered":"<p>SPIELHAUS&nbsp;KERAVA Deutscher kindergarten Unser Kindergarten Das Spielhaus ist ein gem\u00fctlicher, privater Kindergarten in Kerava mit ausgezeichneter Verkehrsanbindung nach Helsinki. Egal ob ihr Kind bereits Deutsch spricht oder nicht, alle Kinder sind herzlich willkommen bei uns. Unser p\u00e4dagogisches Konzept konzentriert sich vielseitig auf das Erlernen der deutschen Sprache und Kultur, das Wichtigste f\u00fcr uns ist jedoch, &hellip; <a href=\"https:\/\/spielhaus.fi\/etusivu\/startseite\/\" class=\"more-link\">Continue reading<span class=\"screen-reader-text\"> &#8222;Startseite&#8220;<\/span><\/a><\/p>\n","protected":false},"author":2,"featured_media":0,"parent":0,"menu_order":1,"comment_status":"closed","ping_status":"closed","template":"","meta":{"footnotes":""},"class_list":["post-136","page","type-page","status-publish","hentry"],"_links":{"self":[{"href":"https:\/\/spielhaus.fi\/etusivu\/wp-json\/wp\/v2\/pages\/136","targetHints":{"allow":["GET"]}}],"collection":[{"href":"https:\/\/spielhaus.fi\/etusivu\/wp-json\/wp\/v2\/pages"}],"about":[{"href":"https:\/\/spielhaus.fi\/etusivu\/wp-json\/wp\/v2\/types\/page"}],"author":[{"embeddable":true,"href":"https:\/\/spielhaus.fi\/etusivu\/wp-json\/wp\/v2\/users\/2"}],"replies":[{"embeddable":true,"href":"https:\/\/spielhaus.fi\/etusivu\/wp-json\/wp\/v2\/comments?post=136"}],"version-history":[{"count":57,"href":"https:\/\/spielhaus.fi\/etusivu\/wp-json\/wp\/v2\/pages\/136\/revisions"}],"predecessor-version":[{"id":1036,"href":"https:\/\/spielhaus.fi\/etusivu\/wp-json\/wp\/v2\/pages\/136\/revisions\/1036"}],"wp:attachment":[{"href":"https:\/\/spielhaus.fi\/etusivu\/wp-json\/wp\/v2\/media?parent=136"}],"curies":[{"name":"wp","href":"https:\/\/api.w.org\/{rel}","templated":true}]}}